{"id":569,"date":"2024-02-20T09:09:52","date_gmt":"2024-02-20T08:09:52","guid":{"rendered":"https:\/\/atarrabia.ika.eus\/?page_id=569"},"modified":"2024-05-07T11:56:10","modified_gmt":"2024-05-07T10:56:10","slug":"sobre-nosotros","status":"publish","type":"page","link":"https:\/\/atarrabia.ika.eus\/es\/sobre-nosotros\/","title":{"rendered":"Sobre nosotros"},"content":{"rendered":"<section class=\"l-section wpb_row height_medium\"><div class=\"l-section-h i-cf\"><div class=\"g-cols vc_row via_grid cols_1 laptops-cols_inherit tablets-cols_inherit mobiles-cols_1 valign_top type_default stacking_default\"><div class=\"wpb_column vc_column_container\"><div class=\"vc_column-inner\">[vc_custom_heading text=\u00bbHistoria\u00bb use_theme_fonts=\u00bbyes\u00bb]<\/div><\/div><\/div><\/div><\/section><section class=\"l-section wpb_row us_custom_b992cee1 height_medium\"><div class=\"l-section-h i-cf\"><div class=\"g-cols vc_row via_grid cols_2 laptops-cols_inherit tablets-cols_inherit mobiles-cols_1 valign_top type_default stacking_default\"><div class=\"wpb_column vc_column_container\"><div class=\"vc_column-inner\"><div class=\"wpb_text_column\"><div class=\"wpb_wrapper\"><div class=\"row\">\n<div class=\"col-md-12 col-xs-12\">\n<p>El euskaltegi de Villava se fund\u00f3 en el curso 1976-1977 por iniciativa del euskaltegi Arturo Campion. Ambos euskaltegis formaban parte de la Coordinadora de Alfabetizaci\u00f3n y Euskaldunizaci\u00f3n y continuaron hasta junio de 1989. Ese a\u00f1o el euskaltegi Arturo Campion cre\u00f3 la red IKA con otros euskaltegis (incluido Gurea) y desde entonces trabajamos en esta red.<\/p>\n<p>Este fue el eslogan que difundimos en la campa\u00f1a de matriculaci\u00f3n de 1989, y la red de euskaltegis debe su nombre a estas palabras, ya que nuestro objetivo es aprender euskera en euskera y aprender euskera.<\/p>\n<\/div>\n<\/div>\n<\/div><\/div><\/div><\/div><div class=\"wpb_column vc_column_container\"><div class=\"vc_column-inner\"><\/div><\/div><\/div><\/div><\/section>\n","protected":false},"excerpt":{"rendered":"[vc_custom_heading text=\"Historia\" use_theme_fonts=\"yes\"] El euskaltegi de Villava se fund\u00f3 en el curso 1976-1977 por iniciativa del euskaltegi Arturo Campion. Ambos euskaltegis formaban parte de la Coordinadora de Alfabetizaci\u00f3n y Euskaldunizaci\u00f3n y continuaron hasta junio de 1989. Ese a\u00f1o el euskaltegi Arturo Campion cre\u00f3 la red IKA con otros euskaltegis (incluido Gurea) y desde entonces trabajamos...","protected":false},"author":1,"featured_media":0,"parent":0,"menu_order":0,"comment_status":"closed","ping_status":"closed","template":"","meta":{"_acf_changed":false,"footnotes":""},"class_list":["post-569","page","type-page","status-publish","hentry"],"acf":[],"_links":{"self":[{"href":"https:\/\/atarrabia.ika.eus\/es\/wp-json\/wp\/v2\/pages\/569","targetHints":{"allow":["GET"]}}],"collection":[{"href":"https:\/\/atarrabia.ika.eus\/es\/wp-json\/wp\/v2\/pages"}],"about":[{"href":"https:\/\/atarrabia.ika.eus\/es\/wp-json\/wp\/v2\/types\/page"}],"author":[{"embeddable":true,"href":"https:\/\/atarrabia.ika.eus\/es\/wp-json\/wp\/v2\/users\/1"}],"replies":[{"embeddable":true,"href":"https:\/\/atarrabia.ika.eus\/es\/wp-json\/wp\/v2\/comments?post=569"}],"version-history":[{"count":5,"href":"https:\/\/atarrabia.ika.eus\/es\/wp-json\/wp\/v2\/pages\/569\/revisions"}],"predecessor-version":[{"id":702,"href":"https:\/\/atarrabia.ika.eus\/es\/wp-json\/wp\/v2\/pages\/569\/revisions\/702"}],"wp:attachment":[{"href":"https:\/\/atarrabia.ika.eus\/es\/wp-json\/wp\/v2\/media?parent=569"}],"curies":[{"name":"wp","href":"https:\/\/api.w.org\/{rel}","templated":true}]}}