{"id":544,"date":"2024-02-09T08:51:42","date_gmt":"2024-02-09T07:51:42","guid":{"rendered":"https:\/\/atarrabia.ika.eus\/?page_id=544"},"modified":"2025-08-25T12:54:28","modified_gmt":"2025-08-25T11:54:28","slug":"inicio","status":"publish","type":"page","link":"https:\/\/atarrabia.ika.eus\/es\/","title":{"rendered":"Inicio"},"content":{"rendered":"<section class=\"l-section wpb_row height_auto width_full\"><div class=\"l-section-h i-cf\"><div class=\"g-cols vc_row via_grid cols_1 laptops-cols_inherit tablets-cols_inherit mobiles-cols_1 valign_top type_default stacking_default\"><div class=\"wpb_column vc_column_container\"><div class=\"vc_column-inner\"><div class=\"w-grid us_carousel hide_on_mobiles type_carousel layout_638 overflow_hidden preload_style_spinner\" id=\"us_grid_1\"><style>.layout_638 .w-grid-item-h{background:#FFD500;border-radius:0.3rem;box-shadow:0 0.03rem 0.06rem rgba(0,0,0,0.1),0 0.1rem 0.3rem rgba(0,0,0,0.1);transition-duration:0.3s}.no-touch .layout_638 .w-grid-item-h:hover{box-shadow:0 0.12rem 0.24rem rgba(0,0,0,0.1),0 0.4rem 1.2rem rgba(0,0,0,0.15);z-index:4}.layout_638 .usg_post_image_1{transition-duration:0.3s;transform-origin:50% 50%;transform:scale(1) translate(0%,0%)}.layout_638 .w-grid-item-h:focus-within .usg_post_image_1,.layout_638 .w-grid-item-h:hover .usg_post_image_1{transform:scale(1.1) translate(0%,0%);opacity:1}.layout_638 .usg_post_image_1{text-align:center!important}.layout_638 .usg_vwrapper_1{position:absolute!important;left:0!important;bottom:0!important;right:0!important;padding:15% 7% 7% 7%!important}.layout_638 .usg_post_title_1{color:#ffffff!important;font-size:1.8rem!important;font-weight:700!important}.layout_638 .usg_post_content_1{color:#ffffff!important;text-align:center!important}.layout_638 .usg_vwrapper_2{width:40%!important;margin-left:auto!important;margin-bottom:0px!important;margin-right:auto!important;padding:2%!important;background:rgba(34,34,34,0.78)!important}@media (max-width:600px){.layout_638 .usg_post_title_1{font-size:1.2rem!important}}<\/style><div class=\"w-grid-list owl-carousel valign_stretch dotstyle_circle navstyle_circle arrows-ver-pos_middle arrows-hor-pos_on_sides_inside arrows-disabled_hide owl-responsive-2000 autoheight with_dots with_arrows\" style=\"--transition-duration:350ms;--arrows-size:1.5rem;--arrows-hor-offset:calc(0px - 0px);--arrows-gap:10px;\">\t<article class=\"w-grid-item post-877 karrusela type-karrusela status-publish has-post-thumbnail hentry\" data-id=\"877\">\r\n\t\t<div class=\"w-grid-item-h\">\r\n\t\t\t\t\t\t<div class=\"w-post-elm post_image usg_post_image_1\"><a href=\"https:\/\/atarrabia.ika.eus\/es\/curso-2025-26\/\" aria-label=\"Curso 2025-2026\"><img loading=\"lazy\" decoding=\"async\" width=\"1329\" height=\"450\" src=\"https:\/\/atarrabia.ika.eus\/wp-content\/uploads\/sites\/7\/2025\/08\/IKA-NAFARROA-banner-burutu-2025.jpg\" class=\"attachment-us_2560_450 size-us_2560_450 wp-post-image\" alt=\"\" srcset=\"https:\/\/atarrabia.ika.eus\/wp-content\/uploads\/sites\/7\/2025\/08\/IKA-NAFARROA-banner-burutu-2025.jpg 2560w, https:\/\/atarrabia.ika.eus\/wp-content\/uploads\/sites\/7\/2025\/08\/IKA-NAFARROA-banner-burutu-2025-300x102.jpg 300w, https:\/\/atarrabia.ika.eus\/wp-content\/uploads\/sites\/7\/2025\/08\/IKA-NAFARROA-banner-burutu-2025-1024x347.jpg 1024w\" sizes=\"auto, (max-width: 1329px) 100vw, 1329px\" \/><\/a><\/div><div class=\"w-vwrapper usg_vwrapper_1 align_none valign_top\"><div class=\"w-vwrapper usg_vwrapper_2 align_none valign_bottom\"><h2 class=\"w-post-elm post_title usg_post_title_1 has_text_color align_center entry-title color_link_inherit\"><a href=\"https:\/\/atarrabia.ika.eus\/es\/curso-2025-26\/\">Curso 2025-2026<\/a><\/h2><\/div><\/div>\t\t<\/div>\r\n\t\t\t<\/article>\r\n<\/div><div class=\"w-grid-carousel-json hidden\" onclick='return {&quot;carousel_settings&quot;:{&quot;aria_labels&quot;:{&quot;prev&quot;:&quot;Anterior&quot;,&quot;next&quot;:&quot;Siguiente&quot;},&quot;autoplayContinual&quot;:false,&quot;autoplayHoverPause&quot;:false,&quot;autoplayTimeout&quot;:10000,&quot;autoWidth&quot;:false,&quot;smartSpeed&quot;:350,&quot;margin&quot;:0,&quot;mouseDrag&quot;:true,&quot;rtl&quot;:false,&quot;slideBy&quot;:&quot;1&quot;,&quot;touchDrag&quot;:true,&quot;slideTransition&quot;:&quot;&quot;,&quot;responsive&quot;:{&quot;0&quot;:{&quot;autoHeight&quot;:true,&quot;autoplay&quot;:true,&quot;autoWidth&quot;:false,&quot;center&quot;:false,&quot;dots&quot;:true,&quot;items&quot;:1,&quot;loop&quot;:false,&quot;nav&quot;:false,&quot;stagePadding&quot;:0,&quot;slideBy&quot;:&quot;1&quot;},&quot;601&quot;:{&quot;autoHeight&quot;:true,&quot;autoplay&quot;:true,&quot;autoWidth&quot;:false,&quot;center&quot;:false,&quot;dots&quot;:true,&quot;items&quot;:1,&quot;loop&quot;:false,&quot;nav&quot;:true,&quot;stagePadding&quot;:0,&quot;slideBy&quot;:&quot;1&quot;},&quot;1025&quot;:{&quot;autoHeight&quot;:true,&quot;autoplay&quot;:true,&quot;autoWidth&quot;:false,&quot;center&quot;:false,&quot;dots&quot;:true,&quot;items&quot;:1,&quot;loop&quot;:false,&quot;nav&quot;:true,&quot;stagePadding&quot;:0,&quot;slideBy&quot;:&quot;1&quot;},&quot;1381&quot;:{&quot;items&quot;:1,&quot;autoplay&quot;:true,&quot;center&quot;:false,&quot;dots&quot;:true,&quot;nav&quot;:true,&quot;autoHeight&quot;:true,&quot;autoWidth&quot;:false,&quot;loop&quot;:false,&quot;stagePadding&quot;:0}}}}'><\/div><\/div><\/div><\/div><\/div><\/div><\/section><section class=\"l-section wpb_row height_auto width_full\"><div class=\"l-section-h i-cf\"><div class=\"g-cols vc_row via_grid cols_1 laptops-cols_inherit tablets-cols_inherit mobiles-cols_1 valign_top type_default stacking_default\"><div class=\"wpb_column vc_column_container\"><div class=\"vc_column-inner\"><div class=\"w-grid us_carousel hide_on_default hide_on_laptops hide_on_tablets type_carousel layout_636 overflow_hidden preload_style_spinner\" id=\"us_grid_2\"><style>.layout_636 .w-grid-item-h{background:#474747;box-shadow:0 0.03rem 0.06rem rgba(0,0,0,0.1),0 0.1rem 0.3rem rgba(0,0,0,0.1);transition-duration:0.3s}.no-touch .layout_636 .w-grid-item-h:hover{box-shadow:0 0.12rem 0.24rem rgba(0,0,0,0.1),0 0.4rem 1.2rem rgba(0,0,0,0.15);z-index:4}.layout_636 .usg_post_image_1{transition-duration:0.3s;transform-origin:50% 50%;transform:scale(1) translate(0%,0%)}.layout_636 .w-grid-item-h:focus-within .usg_post_image_1,.layout_636 .w-grid-item-h:hover .usg_post_image_1{transform:scale(1.1) translate(0%,0%);opacity:1}.layout_636 .usg_post_title_1{color:#ffffff!important;font-size:1.8rem!important;font-weight:700!important;padding-top:15px!important}.layout_636 .usg_post_content_1{color:#ffffff!important;text-align:center!important;line-height:1.1rem!important;padding-bottom:15px!important}@media (max-width:600px){.layout_636 .usg_post_title_1{font-size:1.2rem!important}}<\/style><div class=\"w-grid-list owl-carousel valign_stretch dotstyle_circle navstyle_circle arrows-ver-pos_middle arrows-hor-pos_on_sides_inside arrows-disabled_hide owl-responsive-2000 autoheight with_dots with_arrows\" style=\"--transition-duration:350ms;--arrows-size:1.5rem;--arrows-hor-offset:calc(0px - 0px);--arrows-gap:10px;\">\t<article class=\"w-grid-item post-877 karrusela type-karrusela status-publish has-post-thumbnail hentry\" data-id=\"877\">\r\n\t\t<div class=\"w-grid-item-h\">\r\n\t\t\t\t\t\t<div class=\"w-post-elm post_image usg_post_image_1 stretched\"><a href=\"https:\/\/atarrabia.ika.eus\/es\/curso-2025-26\/\" aria-label=\"Curso 2025-2026\"><img loading=\"lazy\" decoding=\"async\" width=\"1024\" height=\"347\" src=\"https:\/\/atarrabia.ika.eus\/wp-content\/uploads\/sites\/7\/2025\/08\/IKA-NAFARROA-banner-burutu-2025-1024x347.jpg\" class=\"attachment-large size-large wp-post-image\" alt=\"\" srcset=\"https:\/\/atarrabia.ika.eus\/wp-content\/uploads\/sites\/7\/2025\/08\/IKA-NAFARROA-banner-burutu-2025-1024x347.jpg 1024w, https:\/\/atarrabia.ika.eus\/wp-content\/uploads\/sites\/7\/2025\/08\/IKA-NAFARROA-banner-burutu-2025-300x102.jpg 300w\" sizes=\"auto, (max-width: 1024px) 100vw, 1024px\" \/><\/a><\/div><h2 class=\"w-post-elm post_title usg_post_title_1 has_text_color align_center entry-title color_link_inherit\"><a href=\"https:\/\/atarrabia.ika.eus\/es\/curso-2025-26\/\">Curso 2025-2026<\/a><\/h2>\t\t<\/div>\r\n\t\t\t<\/article>\r\n<\/div><div class=\"w-grid-carousel-json hidden\" onclick='return {&quot;carousel_settings&quot;:{&quot;aria_labels&quot;:{&quot;prev&quot;:&quot;Anterior&quot;,&quot;next&quot;:&quot;Siguiente&quot;},&quot;autoplayContinual&quot;:false,&quot;autoplayHoverPause&quot;:false,&quot;autoplayTimeout&quot;:10000,&quot;autoWidth&quot;:false,&quot;smartSpeed&quot;:350,&quot;margin&quot;:0,&quot;mouseDrag&quot;:true,&quot;rtl&quot;:false,&quot;slideBy&quot;:&quot;1&quot;,&quot;touchDrag&quot;:true,&quot;slideTransition&quot;:&quot;&quot;,&quot;responsive&quot;:{&quot;0&quot;:{&quot;autoHeight&quot;:true,&quot;autoplay&quot;:true,&quot;autoWidth&quot;:false,&quot;center&quot;:false,&quot;dots&quot;:true,&quot;items&quot;:1,&quot;loop&quot;:false,&quot;nav&quot;:false,&quot;stagePadding&quot;:0,&quot;slideBy&quot;:&quot;1&quot;},&quot;601&quot;:{&quot;autoHeight&quot;:true,&quot;autoplay&quot;:true,&quot;autoWidth&quot;:false,&quot;center&quot;:false,&quot;dots&quot;:true,&quot;items&quot;:1,&quot;loop&quot;:false,&quot;nav&quot;:true,&quot;stagePadding&quot;:0,&quot;slideBy&quot;:&quot;1&quot;},&quot;1025&quot;:{&quot;autoHeight&quot;:true,&quot;autoplay&quot;:true,&quot;autoWidth&quot;:false,&quot;center&quot;:false,&quot;dots&quot;:true,&quot;items&quot;:1,&quot;loop&quot;:false,&quot;nav&quot;:true,&quot;stagePadding&quot;:0,&quot;slideBy&quot;:&quot;1&quot;},&quot;1381&quot;:{&quot;items&quot;:1,&quot;autoplay&quot;:true,&quot;center&quot;:false,&quot;dots&quot;:true,&quot;nav&quot;:true,&quot;autoHeight&quot;:true,&quot;autoWidth&quot;:false,&quot;loop&quot;:false,&quot;stagePadding&quot;:0}}}}'><\/div><\/div><\/div><\/div><\/div><\/div><\/section><section class=\"l-section wpb_row height_medium\"><div class=\"l-section-h i-cf\"><div class=\"g-cols vc_row via_grid cols_3 laptops-cols_inherit tablets-cols_inherit mobiles-cols_1 valign_top type_default stacking_default\"><div class=\"wpb_column vc_column_container\"><div class=\"vc_column-inner\"><div class=\"w-vwrapper us_custom_ffca6c08 align_none valign_top\"><h2 class=\"w-text icon_atleft\"><span class=\"w-text-h\"><i class=\"fas fa-graduation-cap\"><\/i><span class=\"w-text-value\">Experiencia<\/span><\/span><\/h2><div class=\"wpb_text_column\"><div class=\"wpb_wrapper\"><p><span id=\"translation_box\" class=\"form-control-text textarea\" role=\"textbox\"><span class=\"Linkify\">Hace casi cinco d\u00e9cadas que ense\u00f1amos euskera a adultos en el euskaltegi, llevando algunos profesores m\u00e1s de 35 a\u00f1os en esta labor. Durante todos estos a\u00f1os varios miles de personas han aprendido euskera en nuestro centro.<\/span><\/span><\/p>\n<\/div><\/div><\/div><\/div><\/div><div class=\"wpb_column vc_column_container\"><div class=\"vc_column-inner\"><div class=\"w-vwrapper us_custom_ffca6c08 align_none valign_top\"><h2 class=\"w-text icon_atleft\"><span class=\"w-text-h\"><i class=\"fas fa-bullseye\"><\/i><span class=\"w-text-value\">Metodologia<\/span><\/span><\/h2><div class=\"wpb_text_column\"><div class=\"wpb_wrapper\"><p><span id=\"translation_box\" class=\"form-control-text textarea\" role=\"textbox\"><span class=\"Linkify\">El objetivo de nuestro euskaltegui es lograr el mayor n\u00famero de euskaldunes en el plazo m\u00e1s breve posible. Para conseguir este objetivo, utilizamos la metodolog\u00eda comunicativa para que nuestro alumnado cubra en euskera sus necesidades comunicativas m\u00e1s frecuentes en el d\u00eda a d\u00eda, pudiendo desenvolverse c\u00f3modamente y de forma adecuada en todos los \u00e1mbitos de la vida.<\/span><\/span><\/p>\n<\/div><\/div><\/div><\/div><\/div><div class=\"wpb_column vc_column_container\"><div class=\"vc_column-inner\"><div class=\"w-vwrapper us_custom_ffca6c08 align_none valign_top\"><h2 class=\"w-text icon_atleft\"><span class=\"w-text-h\"><i class=\"fas fa-books\"><\/i><span class=\"w-text-value\">Material<\/span><\/span><\/h2><div class=\"wpb_text_column\"><div class=\"wpb_wrapper\"><p><span id=\"translation_box\" class=\"form-control-text textarea\" role=\"textbox\"><span class=\"Linkify\">Los materiales y la programaci\u00f3n que utilizamos para dar clase han sido creados por IKA Iru\u00f1erria y son fruto de un trabajo did\u00e1ctico de m\u00e1s de 40 a\u00f1os.<\/span><\/span><\/p>\n<\/div><\/div><\/div><\/div><\/div><\/div><\/div><\/section><section class=\"l-section wpb_row us_custom_756d09ea height_large\"><div class=\"l-section-h i-cf\"><div class=\"g-cols vc_row via_grid cols_1 laptops-cols_inherit tablets-cols_inherit mobiles-cols_1 valign_top type_default stacking_default\"><div class=\"wpb_column vc_column_container\"><div class=\"vc_column-inner\"><div class=\"w-grid us_grid type_grid layout_157 hidden cols_3 overflow_hidden preload_style_spinner\" id=\"us_grid_3\" style=\"--columns:3;--gap:1.5rem;\" data-filterable=\"true\"><style>@media (max-width:1024px){#us_grid_3{--columns:2!important}}@media (max-width:600px){#us_grid_3{--columns:1!important}}.layout_157 .w-grid-item-h{color:#ffffff}.layout_157 .usg_post_image_1{margin-bottom:1rem!important}.layout_157 .usg_post_title_1{color:#ffffff!important;font-size:1.6rem!important;font-weight:700!important;text-transform:uppercase!important}.layout_157 .usg_vwrapper_1{margin-top:2rem!important}.layout_157 .usg_hwrapper_1{color:var(--color-content-faded)!important;font-size:0.9rem!important}.layout_157 .usg_post_date_1{color:#FFD500!important}.layout_157 .usg_btn_1{margin-top:1.5rem!important}@media (max-width:600px){.layout_157 .usg_post_title_1{font-size:1.2rem!important}}<\/style><div class=\"w-grid-list\"><\/div>\t<div class=\"w-grid-preloader\">\r\n\t\t<div class=\"g-preloader type_1\">\r\n\t\t\t<div><\/div>\r\n\t\t<\/div>\r\n\t<\/div>\r\n\t\t<div class=\"w-grid-json hidden\" onclick='return {&quot;action&quot;:&quot;us_ajax_grid&quot;,&quot;infinite_scroll&quot;:0,&quot;max_num_pages&quot;:0,&quot;pagination&quot;:&quot;none&quot;,&quot;template_vars&quot;:{&quot;columns&quot;:&quot;3&quot;,&quot;exclude_items&quot;:&quot;none&quot;,&quot;img_size&quot;:&quot;default&quot;,&quot;ignore_items_size&quot;:0,&quot;items_layout&quot;:&quot;157&quot;,&quot;items_offset&quot;:&quot;1&quot;,&quot;load_animation&quot;:&quot;none&quot;,&quot;overriding_link&quot;:&quot;%7B%22url%22%3A%22%22%7D&quot;,&quot;post_id&quot;:0,&quot;query_args&quot;:{&quot;post_type&quot;:[&quot;post&quot;],&quot;post_status&quot;:[&quot;publish&quot;,&quot;acf-disabled&quot;],&quot;posts_per_page&quot;:&quot;3&quot;},&quot;orderby_query_args&quot;:{&quot;orderby&quot;:{&quot;date&quot;:&quot;DESC&quot;}},&quot;type&quot;:&quot;grid&quot;,&quot;us_grid_post_type&quot;:&quot;post&quot;,&quot;us_grid_ajax_index&quot;:3,&quot;us_grid_filter_query_string&quot;:null,&quot;us_grid_index&quot;:3,&quot;page_args&quot;:[],&quot;lang&quot;:&quot;es&quot;}}'><\/div>\r\n\t<\/div><\/div><\/div><\/div><\/div><\/section>\n","protected":false},"excerpt":{"rendered":"","protected":false},"author":1,"featured_media":0,"parent":0,"menu_order":0,"comment_status":"closed","ping_status":"open","template":"","meta":{"_acf_changed":false,"footnotes":""},"class_list":["post-544","page","type-page","status-publish","hentry"],"acf":[],"_links":{"self":[{"href":"https:\/\/atarrabia.ika.eus\/es\/wp-json\/wp\/v2\/pages\/544","targetHints":{"allow":["GET"]}}],"collection":[{"href":"https:\/\/atarrabia.ika.eus\/es\/wp-json\/wp\/v2\/pages"}],"about":[{"href":"https:\/\/atarrabia.ika.eus\/es\/wp-json\/wp\/v2\/types\/page"}],"author":[{"embeddable":true,"href":"https:\/\/atarrabia.ika.eus\/es\/wp-json\/wp\/v2\/users\/1"}],"replies":[{"embeddable":true,"href":"https:\/\/atarrabia.ika.eus\/es\/wp-json\/wp\/v2\/comments?post=544"}],"version-history":[{"count":13,"href":"https:\/\/atarrabia.ika.eus\/es\/wp-json\/wp\/v2\/pages\/544\/revisions"}],"predecessor-version":[{"id":755,"href":"https:\/\/atarrabia.ika.eus\/es\/wp-json\/wp\/v2\/pages\/544\/revisions\/755"}],"wp:attachment":[{"href":"https:\/\/atarrabia.ika.eus\/es\/wp-json\/wp\/v2\/media?parent=544"}],"curies":[{"name":"wp","href":"https:\/\/api.w.org\/{rel}","templated":true}]}}